{"id":635,"date":"2023-10-07T15:35:35","date_gmt":"2023-10-07T15:35:35","guid":{"rendered":"https:\/\/tanz-mueller.de\/?page_id=635"},"modified":"2026-04-13T12:13:05","modified_gmt":"2026-04-13T12:13:05","slug":"bad-berleburg","status":"publish","type":"page","link":"https:\/\/tanz-mueller.de\/?page_id=635","title":{"rendered":"Bad Berleburg"},"content":{"rendered":"\n<p class=\"has-text-align-center\">Bei uns ist f\u00fcr jeden etwas dabei.<br>Wir bieten Kurse f\u00fcr Jugendliche, Paare und Singles in<br>Bad Arolsen, Frankenberg, Korbach, Battenberg und Bad Berleburg an.<\/p>\n\n\n\n<div class=\"wp-block-columns is-layout-flex wp-container-core-columns-is-layout-9d6595d7 wp-block-columns-is-layout-flex\">\n<div class=\"wp-block-column is-layout-flow wp-block-column-is-layout-flow\"><div class=\"wp-block-image is-style-default\">\n<figure class=\"aligncenter size-large is-resized\"><a href=\"https:\/\/tanz-mueller.de\/?page_id=25\"><img loading=\"lazy\" decoding=\"async\" width=\"1024\" height=\"684\" src=\"https:\/\/tanz-mueller.de\/wp-content\/uploads\/2023\/09\/young-people-dancing-tango-studio-1024x684.png\" alt=\"\" class=\"wp-image-346\" style=\"width:undefinedpx;height:180px\" srcset=\"https:\/\/tanz-mueller.de\/wp-content\/uploads\/2023\/09\/young-people-dancing-tango-studio-1024x684.png 1024w, https:\/\/tanz-mueller.de\/wp-content\/uploads\/2023\/09\/young-people-dancing-tango-studio-300x200.png 300w, https:\/\/tanz-mueller.de\/wp-content\/uploads\/2023\/09\/young-people-dancing-tango-studio-768x513.png 768w, https:\/\/tanz-mueller.de\/wp-content\/uploads\/2023\/09\/young-people-dancing-tango-studio-1536x1025.png 1536w, https:\/\/tanz-mueller.de\/wp-content\/uploads\/2023\/09\/young-people-dancing-tango-studio-90x60.png 90w, https:\/\/tanz-mueller.de\/wp-content\/uploads\/2023\/09\/young-people-dancing-tango-studio-420x280.png 420w, https:\/\/tanz-mueller.de\/wp-content\/uploads\/2023\/09\/young-people-dancing-tango-studio.png 1805w\" sizes=\"auto, (max-width: 1024px) 100vw, 1024px\" \/><\/a><figcaption class=\"wp-element-caption\"><a href=\"https:\/\/tanz-mueller.de\/?page_id=25\" data-type=\"page\" data-id=\"25\">Bad Arolsen<\/a><\/figcaption><\/figure>\n<\/div><\/div>\n\n\n\n<div class=\"wp-block-column is-layout-flow wp-block-column-is-layout-flow\"><div class=\"wp-block-image\">\n<figure class=\"aligncenter size-large is-resized\"><a href=\"https:\/\/tanz-mueller.de\/?page_id=38\"><img loading=\"lazy\" decoding=\"async\" width=\"1024\" height=\"683\" src=\"https:\/\/tanz-mueller.de\/wp-content\/uploads\/2023\/10\/Kurs_Frankenberg-1024x683.jpg\" alt=\"\" class=\"wp-image-639\" style=\"width:undefinedpx;height:180px\" srcset=\"https:\/\/tanz-mueller.de\/wp-content\/uploads\/2023\/10\/Kurs_Frankenberg-1024x683.jpg 1024w, https:\/\/tanz-mueller.de\/wp-content\/uploads\/2023\/10\/Kurs_Frankenberg-300x200.jpg 300w, https:\/\/tanz-mueller.de\/wp-content\/uploads\/2023\/10\/Kurs_Frankenberg-768x512.jpg 768w, https:\/\/tanz-mueller.de\/wp-content\/uploads\/2023\/10\/Kurs_Frankenberg-1536x1024.jpg 1536w, https:\/\/tanz-mueller.de\/wp-content\/uploads\/2023\/10\/Kurs_Frankenberg-2048x1365.jpg 2048w, https:\/\/tanz-mueller.de\/wp-content\/uploads\/2023\/10\/Kurs_Frankenberg-90x60.jpg 90w, https:\/\/tanz-mueller.de\/wp-content\/uploads\/2023\/10\/Kurs_Frankenberg-420x280.jpg 420w\" sizes=\"auto, (max-width: 1024px) 100vw, 1024px\" \/><\/a><figcaption class=\"wp-element-caption\"><a href=\"https:\/\/tanz-mueller.de\/?page_id=38\" data-type=\"page\" data-id=\"38\">Frankenberg<\/a><\/figcaption><\/figure>\n<\/div>\n\n\n<p class=\"has-text-align-center\"><br><\/p>\n<\/div>\n\n\n\n<div class=\"wp-block-column is-layout-flow wp-block-column-is-layout-flow\"><div class=\"wp-block-image\">\n<figure class=\"aligncenter size-large is-resized\"><a href=\"https:\/\/tanz-mueller.de\/?page_id=40\"><img loading=\"lazy\" decoding=\"async\" width=\"1024\" height=\"1024\" src=\"https:\/\/tanz-mueller.de\/wp-content\/uploads\/2023\/09\/skillful-dancers-performing-dark-room-concert-light-smoke-sensual-couple-performing-artistic-emotional-contemporary-dance-1024x1024.jpg\" alt=\"\" class=\"wp-image-348\" style=\"width:undefinedpx;height:180px\" srcset=\"https:\/\/tanz-mueller.de\/wp-content\/uploads\/2023\/09\/skillful-dancers-performing-dark-room-concert-light-smoke-sensual-couple-performing-artistic-emotional-contemporary-dance-1024x1024.jpg 1024w, https:\/\/tanz-mueller.de\/wp-content\/uploads\/2023\/09\/skillful-dancers-performing-dark-room-concert-light-smoke-sensual-couple-performing-artistic-emotional-contemporary-dance-150x150.jpg 150w, https:\/\/tanz-mueller.de\/wp-content\/uploads\/2023\/09\/skillful-dancers-performing-dark-room-concert-light-smoke-sensual-couple-performing-artistic-emotional-contemporary-dance-300x300.jpg 300w, https:\/\/tanz-mueller.de\/wp-content\/uploads\/2023\/09\/skillful-dancers-performing-dark-room-concert-light-smoke-sensual-couple-performing-artistic-emotional-contemporary-dance-768x768.jpg 768w, https:\/\/tanz-mueller.de\/wp-content\/uploads\/2023\/09\/skillful-dancers-performing-dark-room-concert-light-smoke-sensual-couple-performing-artistic-emotional-contemporary-dance-1536x1536.jpg 1536w, https:\/\/tanz-mueller.de\/wp-content\/uploads\/2023\/09\/skillful-dancers-performing-dark-room-concert-light-smoke-sensual-couple-performing-artistic-emotional-contemporary-dance-2048x2048.jpg 2048w, https:\/\/tanz-mueller.de\/wp-content\/uploads\/2023\/09\/skillful-dancers-performing-dark-room-concert-light-smoke-sensual-couple-performing-artistic-emotional-contemporary-dance-60x60.jpg 60w\" sizes=\"auto, (max-width: 1024px) 100vw, 1024px\" \/><\/a><figcaption class=\"wp-element-caption\"><a href=\"https:\/\/tanz-mueller.de\/?page_id=40\" data-type=\"page\" data-id=\"40\">Korbach<\/a><\/figcaption><\/figure>\n<\/div><\/div>\n\n\n\n<div class=\"wp-block-column is-layout-flow wp-block-column-is-layout-flow\"><div class=\"wp-block-image\">\n<figure class=\"aligncenter size-large is-resized\"><a href=\"https:\/\/tanz-mueller.de\/?page_id=42\"><img loading=\"lazy\" decoding=\"async\" width=\"1024\" height=\"683\" src=\"https:\/\/tanz-mueller.de\/wp-content\/uploads\/2023\/09\/tanzzeit-stilvolle-maenner-und-frau-tanzen-hip-hop-in-hellen-kleidern-auf-gruenem-hintergrund-in-der-tanzhalle-im-neonlicht-1024x683.png\" alt=\"\" class=\"wp-image-349\" style=\"width:undefinedpx;height:180px\" srcset=\"https:\/\/tanz-mueller.de\/wp-content\/uploads\/2023\/09\/tanzzeit-stilvolle-maenner-und-frau-tanzen-hip-hop-in-hellen-kleidern-auf-gruenem-hintergrund-in-der-tanzhalle-im-neonlicht-1024x683.png 1024w, https:\/\/tanz-mueller.de\/wp-content\/uploads\/2023\/09\/tanzzeit-stilvolle-maenner-und-frau-tanzen-hip-hop-in-hellen-kleidern-auf-gruenem-hintergrund-in-der-tanzhalle-im-neonlicht-300x200.png 300w, https:\/\/tanz-mueller.de\/wp-content\/uploads\/2023\/09\/tanzzeit-stilvolle-maenner-und-frau-tanzen-hip-hop-in-hellen-kleidern-auf-gruenem-hintergrund-in-der-tanzhalle-im-neonlicht-768x512.png 768w, https:\/\/tanz-mueller.de\/wp-content\/uploads\/2023\/09\/tanzzeit-stilvolle-maenner-und-frau-tanzen-hip-hop-in-hellen-kleidern-auf-gruenem-hintergrund-in-der-tanzhalle-im-neonlicht-1536x1024.png 1536w, https:\/\/tanz-mueller.de\/wp-content\/uploads\/2023\/09\/tanzzeit-stilvolle-maenner-und-frau-tanzen-hip-hop-in-hellen-kleidern-auf-gruenem-hintergrund-in-der-tanzhalle-im-neonlicht-2048x1365.png 2048w, https:\/\/tanz-mueller.de\/wp-content\/uploads\/2023\/09\/tanzzeit-stilvolle-maenner-und-frau-tanzen-hip-hop-in-hellen-kleidern-auf-gruenem-hintergrund-in-der-tanzhalle-im-neonlicht-90x60.png 90w, https:\/\/tanz-mueller.de\/wp-content\/uploads\/2023\/09\/tanzzeit-stilvolle-maenner-und-frau-tanzen-hip-hop-in-hellen-kleidern-auf-gruenem-hintergrund-in-der-tanzhalle-im-neonlicht-420x280.png 420w\" sizes=\"auto, (max-width: 1024px) 100vw, 1024px\" \/><\/a><figcaption class=\"wp-element-caption\"><a href=\"https:\/\/tanz-mueller.de\/?page_id=42\" data-type=\"page\" data-id=\"42\">Battenberg<\/a><\/figcaption><\/figure>\n<\/div><\/div>\n\n\n\n<div class=\"wp-block-column is-layout-flow wp-block-column-is-layout-flow\"><div class=\"wp-block-image\">\n<figure class=\"aligncenter size-full is-resized\"><a href=\"https:\/\/tanz-mueller.de\/?page_id=635\"><img loading=\"lazy\" decoding=\"async\" width=\"270\" height=\"180\" src=\"https:\/\/tanz-mueller.de\/wp-content\/uploads\/2023\/10\/Kurs_Bad_Berleburg.png\" alt=\"\" class=\"wp-image-632\" style=\"width:undefinedpx;height:180px\" srcset=\"https:\/\/tanz-mueller.de\/wp-content\/uploads\/2023\/10\/Kurs_Bad_Berleburg.png 270w, https:\/\/tanz-mueller.de\/wp-content\/uploads\/2023\/10\/Kurs_Bad_Berleburg-90x60.png 90w\" sizes=\"auto, (max-width: 270px) 100vw, 270px\" \/><\/a><figcaption class=\"wp-element-caption\"><a href=\"https:\/\/tanz-mueller.de\/?page_id=635\" data-type=\"page\" data-id=\"635\"><mark style=\"background-color:rgba(0, 0, 0, 0)\" class=\"has-inline-color has-vivid-cyan-blue-color\">Bad Berleburg<\/mark><\/a><\/figcaption><\/figure>\n<\/div><\/div>\n<\/div>\n\n\n\n<h2 class=\"wp-block-heading\" style=\"font-size:53px\"><mark style=\"background-color:rgba(0, 0, 0, 0)\" class=\"has-inline-color has-vivid-red-color\">Fortschrittkurse f\u00fcr Jugendliche<\/mark><\/h2>\n\n\n\n<p>Nach dem Grundkurs geht es hier weiter mit Wiederholung und neuen Figuren im Discofox, Salsa u.a.<\/p>\n\n\n\n<p>Neue T\u00e4nze: Rumba &amp; Jive. Partytanz des Jahres 26 vom INTAKO<\/p>\n\n\n\n<p><strong>Freitags ab 17.04.26<\/strong><\/p>\n\n\n\n<p><strong>16.15 \u2013 17.45 Uhr<\/strong><\/p>\n\n\n\n<p><strong>Bad Berleburg, Auf dem St\u00f6ppel im Foyer der Hauptschule<\/strong><\/p>\n\n\n\n<p><strong>Fortschrittkurs I:<\/strong> 17.04., 24.04., 08.05., 29.05.<\/p>\n\n\n\n<p>4 x 1,5 Std. \u20ac 109,&#8211; pro Person, inkl. MwSt.<\/p>\n\n\n\n<p><strong><mark style=\"background-color:rgba(0, 0, 0, 0)\" class=\"has-inline-color has-vivid-green-cyan-color\">Anmeldung: WhatsApp Nachricht an 0170 2698283<\/mark><\/strong><\/p>\n\n\n\n<p><strong>Freitags ab 05.06.26<\/strong><\/p>\n\n\n\n<p><strong>16.15 \u2013 17.45 Uhr<\/strong><\/p>\n\n\n\n<p><strong>Bad Berleburg, Auf dem St\u00f6ppel im Foyer der Hauptschule<\/strong><\/p>\n\n\n\n<p><strong>Fortschrittkurs II:<\/strong> 05.06., 12.06., 19.06., 26.06.<\/p>\n\n\n\n<p>4 x 1,5 Std. \u20ac 99,&#8211; pro Person, inkl. MwSt.<\/p>\n\n\n\n<p><strong><mark style=\"background-color:rgba(0, 0, 0, 0)\" class=\"has-inline-color has-vivid-green-cyan-color\">Anmeldung: WhatsApp Nachricht an 0170 2698283<\/mark><\/strong><\/p>\n\n\n\n<h2 class=\"wp-block-heading\" style=\"font-size:48px\"><mark style=\"background-color:rgba(0, 0, 0, 0)\" class=\"has-inline-color has-vivid-cyan-blue-color\">Tanzkurs f\u00fcr Paare &amp; Singles<\/mark><\/h2>\n\n\n\n<p><em>F\u00fcr Beginner, Wiederholer* Innen &amp; leicht Fortgeschrittene<\/em><\/p>\n\n\n\n<p><strong>Fit f\u00fcr die Hochzeit, das Sch\u00fctzenfest oder jede Tanzveranstaltung? Noch nicht sicher? Dann seid Ihr hier genau richtig. Habt gemeinsam Spa\u00df bei den Grundschritten und kleinen Figuren im Discofox, langsamer und schneller Walzer, Salsa, Rumba u.a<\/strong>.<\/p>\n\n\n\n<p><strong>Freitags ab 17.04.2026<\/strong><\/p>\n\n\n\n<p><strong>18.00 \u2013 19.15 Uhr<\/strong><\/p>\n\n\n\n<p><strong>Bad Berleburg, Auf dem St\u00f6ppel im Foyer der Hauptschule<\/strong><\/p>\n\n\n\n<p>17.04., 24.04., 08.05., 29.05., 05.06., 12.06., 19.06., 26.06.<\/p>\n\n\n\n<p>8 Tanzstunden f\u00fcr \u20ac 229,&#8211; pro Person, inkl. MwSt.<\/p>\n\n\n\n<p><strong><mark style=\"background-color:rgba(0, 0, 0, 0)\" class=\"has-inline-color has-vivid-green-cyan-color\">Anmeldung: WhatsApp Nachricht an 0170 2698283<\/mark><\/strong><\/p>\n\n\n\n<p>Sichert euch einen Platz im Grundkurs. Bitte gib die Namen der Kursteilnehmer*In und eure Adresse an. <\/p>\n\n\n\n<p><\/p>\n\n\n\n<p style=\"font-size:41px\"><strong><mark style=\"background-color:rgba(0, 0, 0, 0)\" class=\"has-inline-color has-pale-pink-color\">Grundkurs<\/mark><\/strong><\/p>\n\n\n\n<p>F\u00fcr Beginner*Innen<\/p>\n\n\n\n<p>Nach den Weihnachtsferien geht es los mit dem Tanzkurs f\u00fcr Jugendliche. Hier lernst Du mit deinen Freunden*Innen gemeinsam die Grundschritte in:<\/p>\n\n\n\n<p><strong>Discofox, Salsa, Langsamer Walzer &amp; Wiener Walzer, Cha Cha Cha, Bachata &amp; Rock\u00b4 n Roll<\/strong>.<\/p>\n\n\n\n<p>Au\u00dferdem tanzen wir auch ohne Tanzpartner:<\/p>\n\n\n\n<p><strong>Partyt\u00e4nze wie Reggae Dance, Chiquitan,<\/strong> <strong>Country Line Dance u.a. <\/strong><\/p>\n\n\n\n<p><strong>Freitags ab Januar 2027<\/strong><\/p>\n\n\n\n<p><strong>16.15 &#8211; 17.45 Uhr<\/strong><\/p>\n\n\n\n<p><strong>Inkl. Mottoparty<\/strong><\/p>\n\n\n\n<p>in Bad Berleburg im Foyer der Hauptschule am St\u00f6ppel.<\/p>\n\n\n\n<p>10 Tanzstunden f\u00fcr \u20ac 269,&#8211; inkl. MwSt.<\/p>\n\n\n\n<p>Sicher dir einen Platz im Grundkurs. Bitte gib deinen Namen und deine Adresse an.<br>Einfach eine Email an info@tanz-mueller.de oder per whatsapp an 0170 2698283 senden bis eine Woche vor Kursbeginn.<\/p>\n\n\n\n<p class=\"has-medium-font-size\"><strong><mark style=\"background-color:rgba(0, 0, 0, 0)\" class=\"has-inline-color has-pale-pink-color\">Inklusive Elterntanzstunde<\/mark><\/strong> vor dem Tanzball<\/p>\n\n\n\n<p style=\"font-size:39px\"><strong><mark style=\"background-color:rgba(0, 0, 0, 0)\" class=\"has-inline-color has-pale-pink-color\">Festlicher Tanzball<\/mark><\/strong><\/p>\n\n\n\n<p style=\"font-size:24px\"><strong>mit den Profi Musikern Klaudia &amp; Siegfried Streicher<\/strong><\/p>\n\n\n\n<p><strong>M\u00e4rz\/April 27<\/strong><\/p>\n\n\n\n<p><strong>20.00 \u2013 24.00 Uhr<\/strong><\/p>\n\n\n\n<p><strong>B\u00fcrgerhaus am Marktplatz in Bad Berleburg<\/strong><\/p>\n\n\n\n<p>Eintritt: \u20ac 55,\u2013 pro Person, pro Kursteilnehmer* In inkl. MwSt.<\/p>\n\n\n\n<p>Reservierung ab 8. Tanzstunde, Kartenverkauf vor und nach der 9.\/10. Tanzstunde. Am Ballabend ist kein Kartenverkauf mehr m\u00f6glich.<\/p>\n\n\n\n<p>\u00c4nderungen unter Vorbehalt.<\/p>\n\n\n\n<p class=\"has-large-font-size\"><\/p>\n","protected":false},"excerpt":{"rendered":"<p>Bei uns ist f\u00fcr jeden etwas dabei.Wir bieten Kurse f\u00fcr Jugendliche, Paare und Singles inBad Arolsen, Frankenberg, Korbach, Battenberg und Bad Berleburg an. Fortschrittkurse f\u00fcr &hellip; <\/p>\n","protected":false},"author":1,"featured_media":0,"parent":23,"menu_order":5,"comment_status":"closed","ping_status":"closed","template":"","meta":{"ngg_post_thumbnail":0,"footnotes":""},"class_list":["post-635","page","type-page","status-publish","hentry"],"_links":{"self":[{"href":"https:\/\/tanz-mueller.de\/index.php?rest_route=\/wp\/v2\/pages\/635","targetHints":{"allow":["GET"]}}],"collection":[{"href":"https:\/\/tanz-mueller.de\/index.php?rest_route=\/wp\/v2\/pages"}],"about":[{"href":"https:\/\/tanz-mueller.de\/index.php?rest_route=\/wp\/v2\/types\/page"}],"author":[{"embeddable":true,"href":"https:\/\/tanz-mueller.de\/index.php?rest_route=\/wp\/v2\/users\/1"}],"replies":[{"embeddable":true,"href":"https:\/\/tanz-mueller.de\/index.php?rest_route=%2Fwp%2Fv2%2Fcomments&post=635"}],"version-history":[{"count":22,"href":"https:\/\/tanz-mueller.de\/index.php?rest_route=\/wp\/v2\/pages\/635\/revisions"}],"predecessor-version":[{"id":981,"href":"https:\/\/tanz-mueller.de\/index.php?rest_route=\/wp\/v2\/pages\/635\/revisions\/981"}],"up":[{"embeddable":true,"href":"https:\/\/tanz-mueller.de\/index.php?rest_route=\/wp\/v2\/pages\/23"}],"wp:attachment":[{"href":"https:\/\/tanz-mueller.de\/index.php?rest_route=%2Fwp%2Fv2%2Fmedia&parent=635"}],"curies":[{"name":"wp","href":"https:\/\/api.w.org\/{rel}","templated":true}]}}