{"id":253,"date":"2023-06-26T20:07:27","date_gmt":"2023-06-26T20:07:27","guid":{"rendered":"https:\/\/tanz-mueller.de\/?page_id=253"},"modified":"2023-10-16T19:19:29","modified_gmt":"2023-10-16T19:19:29","slug":"impressum","status":"publish","type":"page","link":"https:\/\/tanz-mueller.de\/?page_id=253","title":{"rendered":"Impressum"},"content":{"rendered":"\n<h2 class=\"wp-block-heading\">Angaben gem\u00e4\u00df \u00a7 5 TMG:<\/h2>\n\n\n\n<p><strong>Tanzschule<br>M\u00fcller<\/strong><\/p>\n\n\n\n<p>Finkenweg 10<br>35066 Frankenberg<\/p>\n\n\n\n<p>Inhaber: J. M\u00fcller<\/p>\n\n\n\n<h2 class=\"wp-block-heading\">Kontakt:<\/h2>\n\n\n\n<figure class=\"wp-block-table\"><table><tbody><tr><td>Telefon:<\/td><td>06451\/ 24637<\/td><\/tr><tr><td>Fax:<\/td><td>06451\/ 714299<\/td><\/tr><tr><td>EMail:<\/td><td>info@tanz-mueller.de<\/td><\/tr><\/tbody><\/table><\/figure>\n\n\n\n<p>Layout &amp; techn. Umsetzung:<br><a href=\"http:\/\/w-u-v.de\" target=\"_blank\" rel=\"noreferrer noopener\">Werbung &amp; Verkaufsf\u00f6rderung<\/a><\/p>\n\n\n\n<p>Bildnachweis:<\/p>\n\n\n\n<ul class=\"wp-block-list\">\n<li>Bild Startseite: Bild von standret auf Freepik<\/li>\n\n\n\n<li>Bild Kurs Bad Arolsen: Bild von Freepik<\/li>\n\n\n\n<li>Bild Kurs Frankenberg: Bild von ArthurHidden auf Freepik<\/li>\n\n\n\n<li>Bild Kurs Korbach: Bild von standret auf Freepik<\/li>\n\n\n\n<li>Bild Kurs Battenberg: Bild von master1305 auf Freepik<\/li>\n\n\n\n<li>Bild Kurs Bad Berleburg: Bild von master1305 auf Freepik<\/li>\n<\/ul>\n\n\n\n<h1 class=\"wp-block-heading\">Haftungsausschluss (Disclaimer)<\/h1>\n\n\n\n<p><strong>Haftung f\u00fcr Inhalte<\/strong><\/p>\n\n\n\n<p>Als&nbsp;Diensteanbieter sind wir gem\u00e4\u00df \u00a7 7 Abs.1 TMG f\u00fcr eigene Inhalte auf diesen Seiten nach&nbsp;den allgemeinen Gesetzen verantwortlich. Nach \u00a7\u00a7 8 bis 10 TMG sind wir als Diensteanbieter jedoch&nbsp;nicht verpflichtet, \u00fcbermittelte oder gespeicherte fremde Informationen zu \u00fcberwachen oder nach&nbsp;Umst\u00e4nden zu forschen, die auf eine rechtswidrige T\u00e4tigkeit hinweisen.<\/p>\n\n\n\n<p>Verpflichtungen zur&nbsp;Entfernung oder Sperrung der Nutzung von Informationen nach den allgemeinen Gesetzen bleiben hiervon&nbsp;unber\u00fchrt. Eine diesbez\u00fcgliche Haftung ist jedoch erst ab dem Zeitpunkt der Kenntnis einer&nbsp;konkreten Rechtsverletzung m\u00f6glich. Bei Bekanntwerden von entsprechenden Rechtsverletzungen werden&nbsp;wir diese Inhalte umgehend entfernen.<\/p>\n\n\n\n<p><strong>Haftung f\u00fcr Links<\/strong><\/p>\n\n\n\n<p>Unser&nbsp;Angebot enth\u00e4lt Links zu externen Webseiten Dritter, auf deren Inhalte wir keinen Einfluss haben. Deshalb&nbsp;k\u00f6nnen wir f\u00fcr diese fremden Inhalte auch keine Gew\u00e4hr \u00fcbernehmen. F\u00fcr die&nbsp;Inhalte der verlinkten Seiten ist stets der jeweilige Anbieter oder Betreiber der Seiten verantwortlich. Die&nbsp;verlinkten Seiten wurden zum Zeitpunkt der Verlinkung auf m\u00f6gliche Rechtsverst\u00f6\u00dfe&nbsp;\u00fcberpr\u00fcft. Rechtswidrige Inhalte waren zum Zeitpunkt der Verlinkung nicht erkennbar.<\/p>\n\n\n\n<p>Eine&nbsp;permanente inhaltliche Kontrolle der verlinkten Seiten ist jedoch ohne konkrete Anhaltspunkte einer&nbsp;Rechtsverletzung nicht zumutbar. Bei Bekanntwerden von Rechtsverletzungen werden wir derartige Links&nbsp;umgehend entfernen.<\/p>\n\n\n\n<p><strong>Urheberrecht<\/strong><\/p>\n\n\n\n<p>Die durch die Seitenbetreiber erstellten&nbsp;Inhalte und Werke auf diesen Seiten unterliegen dem deutschen Urheberrecht. Die Vervielf\u00e4ltigung,&nbsp;Bearbeitung, Verbreitung und jede Art der Verwertung au\u00dferhalb der Grenzen des Urheberrechtes&nbsp;bed\u00fcrfen der schriftlichen Zustimmung des jeweiligen Autors bzw. Erstellers. Downloads und Kopien dieser&nbsp;Seite sind nur f\u00fcr den privaten, nicht kommerziellen Gebrauch gestattet.<\/p>\n\n\n\n<p>Soweit die Inhalte auf&nbsp;dieser Seite nicht vom Betreiber erstellt wurden, werden die Urheberrechte Dritter beachtet. Insbesondere&nbsp;werden Inhalte Dritter als solche gekennzeichnet. Sollten Sie trotzdem auf eine Urheberrechtsverletzung&nbsp;aufmerksam werden, bitten wir um einen entsprechenden Hinweis. Bei Bekanntwerden von Rechtsverletzungen&nbsp;werden wir derartige Inhalte umgehend entfernen.<\/p>\n","protected":false},"excerpt":{"rendered":"<p>Angaben gem\u00e4\u00df \u00a7 5 TMG: TanzschuleM\u00fcller Finkenweg 1035066 Frankenberg Inhaber: J. M\u00fcller Kontakt: Telefon: 06451\/ 24637 Fax: 06451\/ 714299 EMail: info@tanz-mueller.de Layout &amp; techn. Umsetzung:Werbung &hellip; <\/p>\n","protected":false},"author":1,"featured_media":0,"parent":0,"menu_order":0,"comment_status":"closed","ping_status":"closed","template":"","meta":{"ngg_post_thumbnail":0,"footnotes":""},"class_list":["post-253","page","type-page","status-publish","hentry"],"_links":{"self":[{"href":"https:\/\/tanz-mueller.de\/index.php?rest_route=\/wp\/v2\/pages\/253","targetHints":{"allow":["GET"]}}],"collection":[{"href":"https:\/\/tanz-mueller.de\/index.php?rest_route=\/wp\/v2\/pages"}],"about":[{"href":"https:\/\/tanz-mueller.de\/index.php?rest_route=\/wp\/v2\/types\/page"}],"author":[{"embeddable":true,"href":"https:\/\/tanz-mueller.de\/index.php?rest_route=\/wp\/v2\/users\/1"}],"replies":[{"embeddable":true,"href":"https:\/\/tanz-mueller.de\/index.php?rest_route=%2Fwp%2Fv2%2Fcomments&post=253"}],"version-history":[{"count":5,"href":"https:\/\/tanz-mueller.de\/index.php?rest_route=\/wp\/v2\/pages\/253\/revisions"}],"predecessor-version":[{"id":686,"href":"https:\/\/tanz-mueller.de\/index.php?rest_route=\/wp\/v2\/pages\/253\/revisions\/686"}],"wp:attachment":[{"href":"https:\/\/tanz-mueller.de\/index.php?rest_route=%2Fwp%2Fv2%2Fmedia&parent=253"}],"curies":[{"name":"wp","href":"https:\/\/api.w.org\/{rel}","templated":true}]}}