{"id":2,"date":"2023-06-07T18:35:49","date_gmt":"2023-06-07T18:35:49","guid":{"rendered":"https:\/\/tanz-mueller.de\/?page_id=2"},"modified":"2026-02-16T12:09:21","modified_gmt":"2026-02-16T12:09:21","slug":"sample-page","status":"publish","type":"page","link":"https:\/\/tanz-mueller.de\/?page_id=2","title":{"rendered":"\u00dcber uns"},"content":{"rendered":"\n<p class=\"has-text-align-center\">Wie alles begann\u2026<\/p>\n\n\n\n<p class=\"has-text-align-center\">Rudolf M\u00fcller gr\u00fcndete die \u201eTanzschule Rudolf M\u00fcller\u201c im Jahre 1946. Er ist nach dem Krieg&nbsp; in die Tanzlehrerausbildung zu Ernst Riebeling in Hannoversch-M\u00fcnden gegangen und hat sich nach 3 j\u00e4hriger Ausbildung mit 20 Jahren selbstst\u00e4ndig gemacht.<\/p>\n\n\n\n<p class=\"has-text-align-center\">Seit dieser Zeit unterrichtete er einige 10000 Menschen in den St\u00e4dten Frankenberg, Korbach, Bad Arolsen, Bad Wildungen, Battenberg, Biedenkopf und in Bad Laasphe und Bad Berleburg.<\/p>\n\n\n\n<p class=\"has-text-align-center\">Mit dem Motorroller NSU Quick ging es mit zerbrechlichen Schallplatten \u00fcbers Land. Zahlungsmittel waren oft nach dem Krieg Lebensmittel (Brot, \u201eAhle Wurscht\u201c und Selbstgebackenes) und Brennkohle. Am Anfang wurden die Tanzstunden mit Live Musik begleitet. Klavier, Trompete und Schlagzeug.<\/p>\n\n\n\n<p class=\"has-text-align-center\">Ab den 50ger Jahren gab es regelm\u00e4\u00dfig Treffen mit Kollegen auf Fortbildungsseminaren oder auf dem allj\u00e4hrlich stattfindenden INTAKO (Internationaler Tanzlehrerkongress). Neuheiten in Sachen TANZEN kamen in jedem Jahr dazu. Von Rumba, Cha Cha Cha, Samba, Jive, Rock\u00b4Roll, Stepptanz, Modern Dance, Partyt\u00e4nze und Modetrends wie \u201eSalsa\u201c&nbsp; geh\u00f6ren heute zu dem Welttanzprogramm.<\/p>\n\n\n\n<p class=\"has-text-align-center\">Mitte der 60ger Jahre hat Rudolf endlich seine 9 Jahre j\u00fcngere Christa gefunden und seit 1965 sind sie ein TEAM. Die T\u00f6chter Katrin und Julia kamen zur Verst\u00e4rkung dazu. Ab 1968 gaben sie Fachunterricht auf dem INTAKO. Rudolf hat auch jahrzehnte Tanzkurse f\u00fcr Kriegsblinde und Gehandicapte gegeben und war sozial sehr engagiert. \u00dcber 80 000 DM hat die Tanzschule Rudolf M\u00fcller in 50 Jahren an Bed\u00fcrftige gespendet.<\/p>\n\n\n\n<p class=\"has-text-align-center\">Am 19.01.2013 ist Rudolf M\u00fcller verstorben. Wir denken mit Freude an den Scherbelrudi, den Tanzlehrer mit Charme, an seine Lebensfreude, die er vermitteln konnte, an die vielen sch\u00f6nen Tanzstunden und die Menschen und Freunde, die er durch seinen \u201eTraumberuf\u201c kennenlernte. Wir werden dich sehr vermissen.<\/p>\n\n\n\n<div class=\"wp-block-columns is-layout-flex wp-container-core-columns-is-layout-9d6595d7 wp-block-columns-is-layout-flex\">\n<div class=\"wp-block-column is-layout-flow wp-block-column-is-layout-flow\" style=\"flex-basis:33.33%\"><\/div>\n\n\n\n<div class=\"wp-block-column is-layout-flow wp-block-column-is-layout-flow\" style=\"flex-basis:66.66%\">\n<h2 class=\"wp-block-heading\">Julia M\u00fcller<\/h2>\n\n\n\n<p>&#8230;hat mit 6 Jahren mit Ballett begonnen und regelm\u00e4\u00dfig die Ballettschuhe \u201eblutig getanzt\u201c, dass die Eltern die Ballettschuhe wegschlie\u00dfen mussten. Mit 12\u00a0 Jahren kam Modern Dance und Stepptanz dazu. Mit 13 Jahren die Standard-und Lateinamerikanischen T\u00e4nze. Nach der Fachoberschule in Wirtschaft und Verwaltung, kam die Tanzlehrerausbildung 1988 \u2013 1991 in Wiesbaden, 1990\/ 1991 WM Titel Showtanzformation, 1991\/ 92 Stipendium Modern Dance Acadamie NY, 1992 Salsa Danceteacher, 1993 Stepptanzlehrerin, 1994 Buster Groove -Schein, 1995 Dance 4 Fans-Instructor, 1996 \u00dcbernahme der Tanzschule, 1996\/ 98 praktischer Ausbildungslehrer, 2000 Tanzlehrer f\u00fcr Menschen mit Behinderung, 2006 ADTV-Kindertanzlehrerin, 2010 ZUMBA-Instructor, 2014 Tango Argentino, 2016 West-Coast-Swing und seitdem bildet sie sich kontinuierlich weiter und nimmt J\u00e4hrlich an Fortbildungen wie der INTAKO teil.<\/p>\n<\/div>\n<\/div>\n\n\n\n<p><\/p>\n","protected":false},"excerpt":{"rendered":"<p>Wie alles begann\u2026 Rudolf M\u00fcller gr\u00fcndete die \u201eTanzschule Rudolf M\u00fcller\u201c im Jahre 1946. Er ist nach dem Krieg&nbsp; in die Tanzlehrerausbildung zu Ernst Riebeling in &hellip; <\/p>\n","protected":false},"author":1,"featured_media":0,"parent":0,"menu_order":1,"comment_status":"closed","ping_status":"closed","template":"","meta":{"ngg_post_thumbnail":0,"footnotes":""},"class_list":["post-2","page","type-page","status-publish","hentry"],"_links":{"self":[{"href":"https:\/\/tanz-mueller.de\/index.php?rest_route=\/wp\/v2\/pages\/2","targetHints":{"allow":["GET"]}}],"collection":[{"href":"https:\/\/tanz-mueller.de\/index.php?rest_route=\/wp\/v2\/pages"}],"about":[{"href":"https:\/\/tanz-mueller.de\/index.php?rest_route=\/wp\/v2\/types\/page"}],"author":[{"embeddable":true,"href":"https:\/\/tanz-mueller.de\/index.php?rest_route=\/wp\/v2\/users\/1"}],"replies":[{"embeddable":true,"href":"https:\/\/tanz-mueller.de\/index.php?rest_route=%2Fwp%2Fv2%2Fcomments&post=2"}],"version-history":[{"count":6,"href":"https:\/\/tanz-mueller.de\/index.php?rest_route=\/wp\/v2\/pages\/2\/revisions"}],"predecessor-version":[{"id":968,"href":"https:\/\/tanz-mueller.de\/index.php?rest_route=\/wp\/v2\/pages\/2\/revisions\/968"}],"wp:attachment":[{"href":"https:\/\/tanz-mueller.de\/index.php?rest_route=%2Fwp%2Fv2%2Fmedia&parent=2"}],"curies":[{"name":"wp","href":"https:\/\/api.w.org\/{rel}","templated":true}]}}